{"id":1342,"date":"2024-07-07T15:20:12","date_gmt":"2024-07-07T19:20:12","guid":{"rendered":"https:\/\/tusecretoshop.com\/?post_type=product&#038;p=1342"},"modified":"2025-05-04T16:38:02","modified_gmt":"2025-05-04T20:38:02","slug":"vibrador-triple-california-dreaming-long-beach","status":"publish","type":"product","link":"https:\/\/tusecretoshop.com\/index.php\/producto\/vibrador-triple-california-dreaming-long-beach\/","title":{"rendered":"Vibrador Triple California Dreaming Long Beach"},"content":{"rendered":"","protected":false},"excerpt":{"rendered":"<p>Caracter\u00edsticas:<\/p>\n<ul>\n<li>Vibrador con estimulaci\u00f3n triple<\/li>\n<li>14 cm de largo y 4 cm de grosor<\/li>\n<li>3 modos de vibraci\u00f3n vaginal y 10 modos de vibraci\u00f3n anal y cl\u00edtoris<\/li>\n<li>Recargable y resistente al agua<\/li>\n<\/ul>\n","protected":false},"featured_media":1343,"comment_status":"closed","ping_status":"closed","template":"","meta":[],"product_brand":[],"product_cat":[30],"product_tag":[],"class_list":{"0":"post-1342","1":"product","2":"type-product","3":"status-publish","4":"has-post-thumbnail","6":"product_cat-vibradores","8":"first","9":"outofstock","10":"shipping-taxable","11":"purchasable","12":"product-type-simple"},"_links":{"self":[{"href":"https:\/\/tusecretoshop.com\/index.php\/wp-json\/wp\/v2\/product\/1342","targetHints":{"allow":["GET"]}}],"collection":[{"href":"https:\/\/tusecretoshop.com\/index.php\/wp-json\/wp\/v2\/product"}],"about":[{"href":"https:\/\/tusecretoshop.com\/index.php\/wp-json\/wp\/v2\/types\/product"}],"replies":[{"embeddable":true,"href":"https:\/\/tusecretoshop.com\/index.php\/wp-json\/wp\/v2\/comments?post=1342"}],"wp:featuredmedia":[{"embeddable":true,"href":"https:\/\/tusecretoshop.com\/index.php\/wp-json\/wp\/v2\/media\/1343"}],"wp:attachment":[{"href":"https:\/\/tusecretoshop.com\/index.php\/wp-json\/wp\/v2\/media?parent=1342"}],"wp:term":[{"taxonomy":"product_brand","embeddable":true,"href":"https:\/\/tusecretoshop.com\/index.php\/wp-json\/wp\/v2\/product_brand?post=1342"},{"taxonomy":"product_cat","embeddable":true,"href":"https:\/\/tusecretoshop.com\/index.php\/wp-json\/wp\/v2\/product_cat?post=1342"},{"taxonomy":"product_tag","embeddable":true,"href":"https:\/\/tusecretoshop.com\/index.php\/wp-json\/wp\/v2\/product_tag?post=1342"}],"curies":[{"name":"wp","href":"https:\/\/api.w.org\/{rel}","templated":true}]}}