{"id":1376,"date":"2024-07-13T13:34:18","date_gmt":"2024-07-13T17:34:18","guid":{"rendered":"https:\/\/tusecretoshop.com\/?post_type=product&#038;p=1376"},"modified":"2026-02-16T16:19:52","modified_gmt":"2026-02-16T20:19:52","slug":"arnes-sin-correas-con-vibracion-revolver-ii","status":"publish","type":"product","link":"https:\/\/tusecretoshop.com\/index.php\/producto\/arnes-sin-correas-con-vibracion-revolver-ii\/","title":{"rendered":"Arn\u00e9s sin Correas con Vibraci\u00f3n Revolver II"},"content":{"rendered":"","protected":false},"excerpt":{"rendered":"<p>Caracter\u00edsticas:<\/p>\n<ul>\n<li>Arn\u00e9s sin correas con vibraci\u00f3n<\/li>\n<li>Fabricado en TPE flexible<\/li>\n<li>Incluye bala vibradora 1 velocidad<\/li>\n<li>Funciona con 3 bater\u00edas LR44<\/li>\n<\/ul>\n","protected":false},"featured_media":1668,"comment_status":"closed","ping_status":"closed","template":"","meta":[],"product_brand":[],"product_cat":[29],"product_tag":[],"class_list":{"0":"post-1376","1":"product","2":"type-product","3":"status-publish","4":"has-post-thumbnail","6":"product_cat-arnes","8":"first","9":"outofstock","10":"shipping-taxable","11":"purchasable","12":"product-type-simple"},"_links":{"self":[{"href":"https:\/\/tusecretoshop.com\/index.php\/wp-json\/wp\/v2\/product\/1376","targetHints":{"allow":["GET"]}}],"collection":[{"href":"https:\/\/tusecretoshop.com\/index.php\/wp-json\/wp\/v2\/product"}],"about":[{"href":"https:\/\/tusecretoshop.com\/index.php\/wp-json\/wp\/v2\/types\/product"}],"replies":[{"embeddable":true,"href":"https:\/\/tusecretoshop.com\/index.php\/wp-json\/wp\/v2\/comments?post=1376"}],"wp:featuredmedia":[{"embeddable":true,"href":"https:\/\/tusecretoshop.com\/index.php\/wp-json\/wp\/v2\/media\/1668"}],"wp:attachment":[{"href":"https:\/\/tusecretoshop.com\/index.php\/wp-json\/wp\/v2\/media?parent=1376"}],"wp:term":[{"taxonomy":"product_brand","embeddable":true,"href":"https:\/\/tusecretoshop.com\/index.php\/wp-json\/wp\/v2\/product_brand?post=1376"},{"taxonomy":"product_cat","embeddable":true,"href":"https:\/\/tusecretoshop.com\/index.php\/wp-json\/wp\/v2\/product_cat?post=1376"},{"taxonomy":"product_tag","embeddable":true,"href":"https:\/\/tusecretoshop.com\/index.php\/wp-json\/wp\/v2\/product_tag?post=1376"}],"curies":[{"name":"wp","href":"https:\/\/api.w.org\/{rel}","templated":true}]}}