{"id":1481,"date":"2024-07-09T15:50:48","date_gmt":"2024-07-09T19:50:48","guid":{"rendered":"https:\/\/tusecretoshop.com\/?post_type=product&#038;p=1481"},"modified":"2025-08-07T13:37:05","modified_gmt":"2025-08-07T17:37:05","slug":"plug-anal-tipo-joya-circulo-pequeno-arcoiris-booty-sparks","status":"publish","type":"product","link":"https:\/\/tusecretoshop.com\/index.php\/producto\/plug-anal-tipo-joya-circulo-pequeno-arcoiris-booty-sparks\/","title":{"rendered":"Plug Anal Tipo Joya C\u00edrculo Peque\u00f1o Arcoiris Booty Sparks"},"content":{"rendered":"","protected":false},"excerpt":{"rendered":"<p>Caracter\u00edsticas:<\/p>\n<ul>\n<li>Plug anal iniciador con joya arcoiris<\/li>\n<li>Fabricado en aluminio<\/li>\n<li>2,5 cm de grosor<\/li>\n<\/ul>\n","protected":false},"featured_media":1483,"comment_status":"closed","ping_status":"closed","template":"","meta":[],"product_brand":[],"product_cat":[28],"product_tag":[],"class_list":{"0":"post-1481","1":"product","2":"type-product","3":"status-publish","4":"has-post-thumbnail","6":"product_cat-anales","8":"first","9":"outofstock","10":"shipping-taxable","11":"purchasable","12":"product-type-simple"},"_links":{"self":[{"href":"https:\/\/tusecretoshop.com\/index.php\/wp-json\/wp\/v2\/product\/1481","targetHints":{"allow":["GET"]}}],"collection":[{"href":"https:\/\/tusecretoshop.com\/index.php\/wp-json\/wp\/v2\/product"}],"about":[{"href":"https:\/\/tusecretoshop.com\/index.php\/wp-json\/wp\/v2\/types\/product"}],"replies":[{"embeddable":true,"href":"https:\/\/tusecretoshop.com\/index.php\/wp-json\/wp\/v2\/comments?post=1481"}],"wp:featuredmedia":[{"embeddable":true,"href":"https:\/\/tusecretoshop.com\/index.php\/wp-json\/wp\/v2\/media\/1483"}],"wp:attachment":[{"href":"https:\/\/tusecretoshop.com\/index.php\/wp-json\/wp\/v2\/media?parent=1481"}],"wp:term":[{"taxonomy":"product_brand","embeddable":true,"href":"https:\/\/tusecretoshop.com\/index.php\/wp-json\/wp\/v2\/product_brand?post=1481"},{"taxonomy":"product_cat","embeddable":true,"href":"https:\/\/tusecretoshop.com\/index.php\/wp-json\/wp\/v2\/product_cat?post=1481"},{"taxonomy":"product_tag","embeddable":true,"href":"https:\/\/tusecretoshop.com\/index.php\/wp-json\/wp\/v2\/product_tag?post=1481"}],"curies":[{"name":"wp","href":"https:\/\/api.w.org\/{rel}","templated":true}]}}