{"id":1557,"date":"2024-07-12T13:11:39","date_gmt":"2024-07-12T17:11:39","guid":{"rendered":"https:\/\/tusecretoshop.com\/?post_type=product&#038;p=1557"},"modified":"2026-02-17T16:09:57","modified_gmt":"2026-02-17T20:09:57","slug":"cuentas-anales-con-vibracion-inalambricas-bang-rosadas","status":"publish","type":"product","link":"https:\/\/tusecretoshop.com\/index.php\/producto\/cuentas-anales-con-vibracion-inalambricas-bang-rosadas\/","title":{"rendered":"Cuentas Anales con Vibraci\u00f3n Inal\u00e1mbricas Bang! Rosadas"},"content":{"rendered":"","protected":false},"excerpt":{"rendered":"<p>Caracter\u00edsticas:<\/p>\n<ul>\n<li>Cuentas anales con vibraci\u00f3n a control remoto<\/li>\n<li>Fabricado en silicona<\/li>\n<li>Recargable y resistente al agua<\/li>\n<li>2,5 cm de grosor<\/li>\n<\/ul>\n","protected":false},"featured_media":1558,"comment_status":"closed","ping_status":"closed","template":"","meta":[],"product_brand":[],"product_cat":[28],"product_tag":[],"class_list":{"0":"post-1557","1":"product","2":"type-product","3":"status-publish","4":"has-post-thumbnail","6":"product_cat-anales","8":"first","9":"outofstock","10":"shipping-taxable","11":"purchasable","12":"product-type-simple"},"_links":{"self":[{"href":"https:\/\/tusecretoshop.com\/index.php\/wp-json\/wp\/v2\/product\/1557","targetHints":{"allow":["GET"]}}],"collection":[{"href":"https:\/\/tusecretoshop.com\/index.php\/wp-json\/wp\/v2\/product"}],"about":[{"href":"https:\/\/tusecretoshop.com\/index.php\/wp-json\/wp\/v2\/types\/product"}],"replies":[{"embeddable":true,"href":"https:\/\/tusecretoshop.com\/index.php\/wp-json\/wp\/v2\/comments?post=1557"}],"wp:featuredmedia":[{"embeddable":true,"href":"https:\/\/tusecretoshop.com\/index.php\/wp-json\/wp\/v2\/media\/1558"}],"wp:attachment":[{"href":"https:\/\/tusecretoshop.com\/index.php\/wp-json\/wp\/v2\/media?parent=1557"}],"wp:term":[{"taxonomy":"product_brand","embeddable":true,"href":"https:\/\/tusecretoshop.com\/index.php\/wp-json\/wp\/v2\/product_brand?post=1557"},{"taxonomy":"product_cat","embeddable":true,"href":"https:\/\/tusecretoshop.com\/index.php\/wp-json\/wp\/v2\/product_cat?post=1557"},{"taxonomy":"product_tag","embeddable":true,"href":"https:\/\/tusecretoshop.com\/index.php\/wp-json\/wp\/v2\/product_tag?post=1557"}],"curies":[{"name":"wp","href":"https:\/\/api.w.org\/{rel}","templated":true}]}}