{"id":1559,"date":"2024-07-12T13:53:29","date_gmt":"2024-07-12T17:53:29","guid":{"rendered":"https:\/\/tusecretoshop.com\/?post_type=product&#038;p=1559"},"modified":"2025-10-31T11:23:32","modified_gmt":"2025-10-31T15:23:32","slug":"cuentas-anales-con-vibracion-inalambricas-bang-negras","status":"publish","type":"product","link":"https:\/\/tusecretoshop.com\/index.php\/producto\/cuentas-anales-con-vibracion-inalambricas-bang-negras\/","title":{"rendered":"Cuentas Anales con Vibraci\u00f3n Inal\u00e1mbricas Bang! Negras"},"content":{"rendered":"","protected":false},"excerpt":{"rendered":"<p>Caracter\u00edsticas:<\/p>\n<ul>\n<li>Cuentas anales con vibraci\u00f3n a control remoto<\/li>\n<li>Fabricado en silicona<\/li>\n<li>Recargable y resistente al agua<\/li>\n<li>2,5 cm de grosor<\/li>\n<\/ul>\n","protected":false},"featured_media":1560,"comment_status":"closed","ping_status":"closed","template":"","meta":[],"product_brand":[],"product_cat":[28],"product_tag":[],"class_list":{"0":"post-1559","1":"product","2":"type-product","3":"status-publish","4":"has-post-thumbnail","6":"product_cat-anales","8":"first","9":"instock","10":"shipping-taxable","11":"purchasable","12":"product-type-simple"},"_links":{"self":[{"href":"https:\/\/tusecretoshop.com\/index.php\/wp-json\/wp\/v2\/product\/1559","targetHints":{"allow":["GET"]}}],"collection":[{"href":"https:\/\/tusecretoshop.com\/index.php\/wp-json\/wp\/v2\/product"}],"about":[{"href":"https:\/\/tusecretoshop.com\/index.php\/wp-json\/wp\/v2\/types\/product"}],"replies":[{"embeddable":true,"href":"https:\/\/tusecretoshop.com\/index.php\/wp-json\/wp\/v2\/comments?post=1559"}],"wp:featuredmedia":[{"embeddable":true,"href":"https:\/\/tusecretoshop.com\/index.php\/wp-json\/wp\/v2\/media\/1560"}],"wp:attachment":[{"href":"https:\/\/tusecretoshop.com\/index.php\/wp-json\/wp\/v2\/media?parent=1559"}],"wp:term":[{"taxonomy":"product_brand","embeddable":true,"href":"https:\/\/tusecretoshop.com\/index.php\/wp-json\/wp\/v2\/product_brand?post=1559"},{"taxonomy":"product_cat","embeddable":true,"href":"https:\/\/tusecretoshop.com\/index.php\/wp-json\/wp\/v2\/product_cat?post=1559"},{"taxonomy":"product_tag","embeddable":true,"href":"https:\/\/tusecretoshop.com\/index.php\/wp-json\/wp\/v2\/product_tag?post=1559"}],"curies":[{"name":"wp","href":"https:\/\/api.w.org\/{rel}","templated":true}]}}