{"id":1600,"date":"2024-07-12T16:36:02","date_gmt":"2024-07-12T20:36:02","guid":{"rendered":"https:\/\/tusecretoshop.com\/?post_type=product&#038;p=1600"},"modified":"2025-06-12T17:12:35","modified_gmt":"2025-06-12T21:12:35","slug":"estimulador-de-prostata-inalambrico-alpha-pro","status":"publish","type":"product","link":"https:\/\/tusecretoshop.com\/index.php\/producto\/estimulador-de-prostata-inalambrico-alpha-pro\/","title":{"rendered":"Estimulador de Pr\u00f3stata Inal\u00e1mbrico Alpha Pro"},"content":{"rendered":"","protected":false},"excerpt":{"rendered":"<p>Caracter\u00edsticas:<\/p>\n<ul>\n<li>Plug anal estimulador de pr\u00f3stata a control remoto<\/li>\n<li>Recargable y resistente al agua<\/li>\n<li>Vibraci\u00f3n y estimulaci\u00f3n de punto P<\/li>\n<li>Hecho en silicona<\/li>\n<\/ul>\n","protected":false},"featured_media":1601,"comment_status":"closed","ping_status":"closed","template":"","meta":[],"product_brand":[],"product_cat":[28],"product_tag":[],"class_list":{"0":"post-1600","1":"product","2":"type-product","3":"status-publish","4":"has-post-thumbnail","6":"product_cat-anales","8":"first","9":"outofstock","10":"shipping-taxable","11":"purchasable","12":"product-type-simple"},"_links":{"self":[{"href":"https:\/\/tusecretoshop.com\/index.php\/wp-json\/wp\/v2\/product\/1600","targetHints":{"allow":["GET"]}}],"collection":[{"href":"https:\/\/tusecretoshop.com\/index.php\/wp-json\/wp\/v2\/product"}],"about":[{"href":"https:\/\/tusecretoshop.com\/index.php\/wp-json\/wp\/v2\/types\/product"}],"replies":[{"embeddable":true,"href":"https:\/\/tusecretoshop.com\/index.php\/wp-json\/wp\/v2\/comments?post=1600"}],"wp:featuredmedia":[{"embeddable":true,"href":"https:\/\/tusecretoshop.com\/index.php\/wp-json\/wp\/v2\/media\/1601"}],"wp:attachment":[{"href":"https:\/\/tusecretoshop.com\/index.php\/wp-json\/wp\/v2\/media?parent=1600"}],"wp:term":[{"taxonomy":"product_brand","embeddable":true,"href":"https:\/\/tusecretoshop.com\/index.php\/wp-json\/wp\/v2\/product_brand?post=1600"},{"taxonomy":"product_cat","embeddable":true,"href":"https:\/\/tusecretoshop.com\/index.php\/wp-json\/wp\/v2\/product_cat?post=1600"},{"taxonomy":"product_tag","embeddable":true,"href":"https:\/\/tusecretoshop.com\/index.php\/wp-json\/wp\/v2\/product_tag?post=1600"}],"curies":[{"name":"wp","href":"https:\/\/api.w.org\/{rel}","templated":true}]}}