{"id":2157,"date":"2024-08-14T15:16:11","date_gmt":"2024-08-14T19:16:11","guid":{"rendered":"https:\/\/tusecretoshop.com\/?post_type=product&#038;p=2157"},"modified":"2025-06-15T13:06:19","modified_gmt":"2025-06-15T17:06:19","slug":"splash-con-feromonas-forget-me-not-99-ml","status":"publish","type":"product","link":"https:\/\/tusecretoshop.com\/index.php\/producto\/splash-con-feromonas-forget-me-not-99-ml\/","title":{"rendered":"Splash con Feromonas Forget Me Not 99 ml"},"content":{"rendered":"","protected":false},"excerpt":{"rendered":"<p>Caracter\u00edsticas:<\/p>\n<ul>\n<li>Splash con feromonas<\/li>\n<li>Reacciona con pH de la piel<\/li>\n<li>Notas de salida: naranja natural, lim\u00f3n, coco y pera. Notas medias: ciruela, jazm\u00edn, rosa, canela, muguet, manzana, uva y acorde marino. Notas de fondo: vetiver, madera de cedro, benju\u00ed, vainilla, maderas de \u00e1mbar, pachul\u00ed, s\u00e1ndalo y almizcle.<\/li>\n<\/ul>\n","protected":false},"featured_media":2158,"comment_status":"closed","ping_status":"closed","template":"","meta":[],"product_brand":[],"product_cat":[23],"product_tag":[],"class_list":{"0":"post-2157","1":"product","2":"type-product","3":"status-publish","4":"has-post-thumbnail","6":"product_cat-feromonas","8":"first","9":"outofstock","10":"shipping-taxable","11":"purchasable","12":"product-type-simple"},"_links":{"self":[{"href":"https:\/\/tusecretoshop.com\/index.php\/wp-json\/wp\/v2\/product\/2157","targetHints":{"allow":["GET"]}}],"collection":[{"href":"https:\/\/tusecretoshop.com\/index.php\/wp-json\/wp\/v2\/product"}],"about":[{"href":"https:\/\/tusecretoshop.com\/index.php\/wp-json\/wp\/v2\/types\/product"}],"replies":[{"embeddable":true,"href":"https:\/\/tusecretoshop.com\/index.php\/wp-json\/wp\/v2\/comments?post=2157"}],"wp:featuredmedia":[{"embeddable":true,"href":"https:\/\/tusecretoshop.com\/index.php\/wp-json\/wp\/v2\/media\/2158"}],"wp:attachment":[{"href":"https:\/\/tusecretoshop.com\/index.php\/wp-json\/wp\/v2\/media?parent=2157"}],"wp:term":[{"taxonomy":"product_brand","embeddable":true,"href":"https:\/\/tusecretoshop.com\/index.php\/wp-json\/wp\/v2\/product_brand?post=2157"},{"taxonomy":"product_cat","embeddable":true,"href":"https:\/\/tusecretoshop.com\/index.php\/wp-json\/wp\/v2\/product_cat?post=2157"},{"taxonomy":"product_tag","embeddable":true,"href":"https:\/\/tusecretoshop.com\/index.php\/wp-json\/wp\/v2\/product_tag?post=2157"}],"curies":[{"name":"wp","href":"https:\/\/api.w.org\/{rel}","templated":true}]}}