{"id":2165,"date":"2024-08-14T16:28:31","date_gmt":"2024-08-14T20:28:31","guid":{"rendered":"https:\/\/tusecretoshop.com\/?post_type=product&#038;p=2165"},"modified":"2026-02-16T13:09:36","modified_gmt":"2026-02-16T17:09:36","slug":"vibrador-tipo-rabbit-con-rotacion-begginer-bunny-rosado","status":"publish","type":"product","link":"https:\/\/tusecretoshop.com\/index.php\/producto\/vibrador-tipo-rabbit-con-rotacion-begginer-bunny-rosado\/","title":{"rendered":"Vibrador Tipo Rabbit con Rotaci\u00f3n Beginner Bunny Rosado"},"content":{"rendered":"","protected":false},"excerpt":{"rendered":"<p>Caracter\u00edsticas:<\/p>\n<ul>\n<li>Vibrador tipo rabbit<\/li>\n<li>Vibraci\u00f3n vaginal con rotaci\u00f3n y vibraci\u00f3n de cl\u00edtoris graduables<\/li>\n<li>Funciona con 3 bater\u00edas AAA<\/li>\n<li>Fabricado en jelly<\/li>\n<\/ul>\n","protected":false},"featured_media":2166,"comment_status":"closed","ping_status":"closed","template":"","meta":[],"product_brand":[],"product_cat":[30],"product_tag":[],"class_list":{"0":"post-2165","1":"product","2":"type-product","3":"status-publish","4":"has-post-thumbnail","6":"product_cat-vibradores","8":"first","9":"outofstock","10":"shipping-taxable","11":"purchasable","12":"product-type-simple"},"_links":{"self":[{"href":"https:\/\/tusecretoshop.com\/index.php\/wp-json\/wp\/v2\/product\/2165","targetHints":{"allow":["GET"]}}],"collection":[{"href":"https:\/\/tusecretoshop.com\/index.php\/wp-json\/wp\/v2\/product"}],"about":[{"href":"https:\/\/tusecretoshop.com\/index.php\/wp-json\/wp\/v2\/types\/product"}],"replies":[{"embeddable":true,"href":"https:\/\/tusecretoshop.com\/index.php\/wp-json\/wp\/v2\/comments?post=2165"}],"wp:featuredmedia":[{"embeddable":true,"href":"https:\/\/tusecretoshop.com\/index.php\/wp-json\/wp\/v2\/media\/2166"}],"wp:attachment":[{"href":"https:\/\/tusecretoshop.com\/index.php\/wp-json\/wp\/v2\/media?parent=2165"}],"wp:term":[{"taxonomy":"product_brand","embeddable":true,"href":"https:\/\/tusecretoshop.com\/index.php\/wp-json\/wp\/v2\/product_brand?post=2165"},{"taxonomy":"product_cat","embeddable":true,"href":"https:\/\/tusecretoshop.com\/index.php\/wp-json\/wp\/v2\/product_cat?post=2165"},{"taxonomy":"product_tag","embeddable":true,"href":"https:\/\/tusecretoshop.com\/index.php\/wp-json\/wp\/v2\/product_tag?post=2165"}],"curies":[{"name":"wp","href":"https:\/\/api.w.org\/{rel}","templated":true}]}}