{"id":3076,"date":"2025-10-08T11:36:30","date_gmt":"2025-10-08T15:36:30","guid":{"rendered":"https:\/\/tusecretoshop.com\/?post_type=product&#038;p=3076"},"modified":"2026-02-23T15:26:28","modified_gmt":"2026-02-23T19:26:28","slug":"ovulo-inalambrico-revel-winx-azul","status":"publish","type":"product","link":"https:\/\/tusecretoshop.com\/index.php\/producto\/ovulo-inalambrico-revel-winx-azul\/","title":{"rendered":"\u00d3vulo Inal\u00e1mbrico Revel Winx Azul"},"content":{"rendered":"","protected":false},"excerpt":{"rendered":"<p>Caracter\u00edsticas<\/p>\n<ul>\n<li>\u00d3vulo con vibraci\u00f3n a control remoto<\/li>\n<li>Recargable y resistente al agua<\/li>\n<li>7 modos de vibraci\u00f3n y 3 niveles de intensidad<\/li>\n<li>10 mts de alcance<\/li>\n<\/ul>\n","protected":false},"featured_media":3077,"comment_status":"closed","ping_status":"closed","template":"","meta":[],"product_brand":[],"product_cat":[27,30],"product_tag":[],"class_list":{"0":"post-3076","1":"product","2":"type-product","3":"status-publish","4":"has-post-thumbnail","6":"product_cat-inalambricos","7":"product_cat-vibradores","9":"first","10":"instock","11":"shipping-taxable","12":"purchasable","13":"product-type-simple"},"_links":{"self":[{"href":"https:\/\/tusecretoshop.com\/index.php\/wp-json\/wp\/v2\/product\/3076","targetHints":{"allow":["GET"]}}],"collection":[{"href":"https:\/\/tusecretoshop.com\/index.php\/wp-json\/wp\/v2\/product"}],"about":[{"href":"https:\/\/tusecretoshop.com\/index.php\/wp-json\/wp\/v2\/types\/product"}],"replies":[{"embeddable":true,"href":"https:\/\/tusecretoshop.com\/index.php\/wp-json\/wp\/v2\/comments?post=3076"}],"wp:featuredmedia":[{"embeddable":true,"href":"https:\/\/tusecretoshop.com\/index.php\/wp-json\/wp\/v2\/media\/3077"}],"wp:attachment":[{"href":"https:\/\/tusecretoshop.com\/index.php\/wp-json\/wp\/v2\/media?parent=3076"}],"wp:term":[{"taxonomy":"product_brand","embeddable":true,"href":"https:\/\/tusecretoshop.com\/index.php\/wp-json\/wp\/v2\/product_brand?post=3076"},{"taxonomy":"product_cat","embeddable":true,"href":"https:\/\/tusecretoshop.com\/index.php\/wp-json\/wp\/v2\/product_cat?post=3076"},{"taxonomy":"product_tag","embeddable":true,"href":"https:\/\/tusecretoshop.com\/index.php\/wp-json\/wp\/v2\/product_tag?post=3076"}],"curies":[{"name":"wp","href":"https:\/\/api.w.org\/{rel}","templated":true}]}}