{"id":3331,"date":"2026-01-13T15:28:40","date_gmt":"2026-01-13T19:28:40","guid":{"rendered":"https:\/\/tusecretoshop.com\/?post_type=product&#038;p=3331"},"modified":"2026-04-08T14:42:17","modified_gmt":"2026-04-08T18:42:17","slug":"aceite-con-feromonas-roll-on-simply-sexy-head-over-heels-10-2ml","status":"publish","type":"product","link":"https:\/\/tusecretoshop.com\/index.php\/producto\/aceite-con-feromonas-roll-on-simply-sexy-head-over-heels-10-2ml\/","title":{"rendered":"Aceite con Feromonas Roll On Simply Sexy: Head Over Heels 10.2ml"},"content":{"rendered":"","protected":false},"excerpt":{"rendered":"<p>Caracter\u00edsticas:<\/p>\n<ul>\n<li>Feromona roll on en aceite larga duraci\u00f3n<\/li>\n<li>Reacciona con pH de la piel<\/li>\n<li>Notas de salida: mandarina, lim\u00f3n, osmanthus dulce y mimosa. Notas de coraz\u00f3n: acorde de manzana y mel\u00f3n fresco. Notas de fondo: s\u00e1ndalo, pachul\u00ed y \u00e1mbar dulce<\/li>\n<\/ul>\n","protected":false},"featured_media":3332,"comment_status":"closed","ping_status":"closed","template":"","meta":[],"product_brand":[],"product_cat":[23],"product_tag":[],"class_list":{"0":"post-3331","1":"product","2":"type-product","3":"status-publish","4":"has-post-thumbnail","6":"product_cat-feromonas","8":"first","9":"outofstock","10":"shipping-taxable","11":"purchasable","12":"product-type-simple"},"_links":{"self":[{"href":"https:\/\/tusecretoshop.com\/index.php\/wp-json\/wp\/v2\/product\/3331","targetHints":{"allow":["GET"]}}],"collection":[{"href":"https:\/\/tusecretoshop.com\/index.php\/wp-json\/wp\/v2\/product"}],"about":[{"href":"https:\/\/tusecretoshop.com\/index.php\/wp-json\/wp\/v2\/types\/product"}],"replies":[{"embeddable":true,"href":"https:\/\/tusecretoshop.com\/index.php\/wp-json\/wp\/v2\/comments?post=3331"}],"wp:featuredmedia":[{"embeddable":true,"href":"https:\/\/tusecretoshop.com\/index.php\/wp-json\/wp\/v2\/media\/3332"}],"wp:attachment":[{"href":"https:\/\/tusecretoshop.com\/index.php\/wp-json\/wp\/v2\/media?parent=3331"}],"wp:term":[{"taxonomy":"product_brand","embeddable":true,"href":"https:\/\/tusecretoshop.com\/index.php\/wp-json\/wp\/v2\/product_brand?post=3331"},{"taxonomy":"product_cat","embeddable":true,"href":"https:\/\/tusecretoshop.com\/index.php\/wp-json\/wp\/v2\/product_cat?post=3331"},{"taxonomy":"product_tag","embeddable":true,"href":"https:\/\/tusecretoshop.com\/index.php\/wp-json\/wp\/v2\/product_tag?post=3331"}],"curies":[{"name":"wp","href":"https:\/\/api.w.org\/{rel}","templated":true}]}}