{"id":3333,"date":"2026-01-13T15:47:21","date_gmt":"2026-01-13T19:47:21","guid":{"rendered":"https:\/\/tusecretoshop.com\/?post_type=product&#038;p=3333"},"modified":"2026-03-04T12:46:30","modified_gmt":"2026-03-04T16:46:30","slug":"aceite-con-feromonas-roll-on-simply-sexy-turn-off-the-lights","status":"publish","type":"product","link":"https:\/\/tusecretoshop.com\/index.php\/producto\/aceite-con-feromonas-roll-on-simply-sexy-turn-off-the-lights\/","title":{"rendered":"Aceite con Feromonas Roll On Simply Sexy: Turn Off The Lights"},"content":{"rendered":"","protected":false},"excerpt":{"rendered":"<p>Caracter\u00edsticas:<\/p>\n<ul>\n<li>Feromona roll on en aceite larga duraci\u00f3n<\/li>\n<li>Reacciona con pH de la piel<\/li>\n<li>Notas de salida: mandarina natural, bergamota fresca, mel\u00f3n y pi\u00f1a. Notas de coraz\u00f3n: coco tropical, fresa, gardenia, jazm\u00edn y acorde marino. Notas de fondo: almizcle, s\u00e1ndalo, pachul\u00ed, vainilla y tonka.<\/li>\n<\/ul>\n","protected":false},"featured_media":3334,"comment_status":"closed","ping_status":"closed","template":"","meta":[],"product_brand":[],"product_cat":[23],"product_tag":[],"class_list":{"0":"post-3333","1":"product","2":"type-product","3":"status-publish","4":"has-post-thumbnail","6":"product_cat-feromonas","8":"first","9":"outofstock","10":"shipping-taxable","11":"purchasable","12":"product-type-simple"},"_links":{"self":[{"href":"https:\/\/tusecretoshop.com\/index.php\/wp-json\/wp\/v2\/product\/3333","targetHints":{"allow":["GET"]}}],"collection":[{"href":"https:\/\/tusecretoshop.com\/index.php\/wp-json\/wp\/v2\/product"}],"about":[{"href":"https:\/\/tusecretoshop.com\/index.php\/wp-json\/wp\/v2\/types\/product"}],"replies":[{"embeddable":true,"href":"https:\/\/tusecretoshop.com\/index.php\/wp-json\/wp\/v2\/comments?post=3333"}],"wp:featuredmedia":[{"embeddable":true,"href":"https:\/\/tusecretoshop.com\/index.php\/wp-json\/wp\/v2\/media\/3334"}],"wp:attachment":[{"href":"https:\/\/tusecretoshop.com\/index.php\/wp-json\/wp\/v2\/media?parent=3333"}],"wp:term":[{"taxonomy":"product_brand","embeddable":true,"href":"https:\/\/tusecretoshop.com\/index.php\/wp-json\/wp\/v2\/product_brand?post=3333"},{"taxonomy":"product_cat","embeddable":true,"href":"https:\/\/tusecretoshop.com\/index.php\/wp-json\/wp\/v2\/product_cat?post=3333"},{"taxonomy":"product_tag","embeddable":true,"href":"https:\/\/tusecretoshop.com\/index.php\/wp-json\/wp\/v2\/product_tag?post=3333"}],"curies":[{"name":"wp","href":"https:\/\/api.w.org\/{rel}","templated":true}]}}