{"id":3336,"date":"2026-01-13T15:54:11","date_gmt":"2026-01-13T19:54:11","guid":{"rendered":"https:\/\/tusecretoshop.com\/?post_type=product&#038;p=3336"},"modified":"2026-01-13T15:54:11","modified_gmt":"2026-01-13T19:54:11","slug":"aceite-con-feromonas-roll-on-simply-sexy-all-night-long","status":"publish","type":"product","link":"https:\/\/tusecretoshop.com\/index.php\/producto\/aceite-con-feromonas-roll-on-simply-sexy-all-night-long\/","title":{"rendered":"Aceite con Feromonas Roll On Simply Sexy: All Night Long"},"content":{"rendered":"","protected":false},"excerpt":{"rendered":"<p>Caracter\u00edsticas:<\/p>\n<ul>\n<li>Feromona roll on en aceite larga duraci\u00f3n<\/li>\n<li>Reacciona con pH de la piel<\/li>\n<li>Notas de salida: naranja, frambuesa y peon\u00eda. Notas de coraz\u00f3n: orqu\u00eddea tropical, lichi y rosa negra. Notas de fondo: Notas secas de \u00e1mbar dulce, caramelo, vainilla y \u00e1mbar amaderado.<\/li>\n<\/ul>\n","protected":false},"featured_media":3337,"comment_status":"closed","ping_status":"closed","template":"","meta":[],"product_brand":[],"product_cat":[23],"product_tag":[],"class_list":{"0":"post-3336","1":"product","2":"type-product","3":"status-publish","4":"has-post-thumbnail","6":"product_cat-feromonas","8":"first","9":"instock","10":"shipping-taxable","11":"purchasable","12":"product-type-simple"},"_links":{"self":[{"href":"https:\/\/tusecretoshop.com\/index.php\/wp-json\/wp\/v2\/product\/3336","targetHints":{"allow":["GET"]}}],"collection":[{"href":"https:\/\/tusecretoshop.com\/index.php\/wp-json\/wp\/v2\/product"}],"about":[{"href":"https:\/\/tusecretoshop.com\/index.php\/wp-json\/wp\/v2\/types\/product"}],"replies":[{"embeddable":true,"href":"https:\/\/tusecretoshop.com\/index.php\/wp-json\/wp\/v2\/comments?post=3336"}],"wp:featuredmedia":[{"embeddable":true,"href":"https:\/\/tusecretoshop.com\/index.php\/wp-json\/wp\/v2\/media\/3337"}],"wp:attachment":[{"href":"https:\/\/tusecretoshop.com\/index.php\/wp-json\/wp\/v2\/media?parent=3336"}],"wp:term":[{"taxonomy":"product_brand","embeddable":true,"href":"https:\/\/tusecretoshop.com\/index.php\/wp-json\/wp\/v2\/product_brand?post=3336"},{"taxonomy":"product_cat","embeddable":true,"href":"https:\/\/tusecretoshop.com\/index.php\/wp-json\/wp\/v2\/product_cat?post=3336"},{"taxonomy":"product_tag","embeddable":true,"href":"https:\/\/tusecretoshop.com\/index.php\/wp-json\/wp\/v2\/product_tag?post=3336"}],"curies":[{"name":"wp","href":"https:\/\/api.w.org\/{rel}","templated":true}]}}