{"id":3441,"date":"2026-02-09T16:55:15","date_gmt":"2026-02-09T20:55:15","guid":{"rendered":"https:\/\/tusecretoshop.com\/?post_type=product&#038;p=3441"},"modified":"2026-02-15T16:48:07","modified_gmt":"2026-02-15T20:48:07","slug":"plug-anal-tipo-joya-circulo-arcoiris-mediano-rose-gold-rear-assets","status":"publish","type":"product","link":"https:\/\/tusecretoshop.com\/index.php\/producto\/plug-anal-tipo-joya-circulo-arcoiris-mediano-rose-gold-rear-assets\/","title":{"rendered":"Plug Anal Tipo Joya C\u00edrculo Arco\u00edris Mediano Rose Gold Rear Assets"},"content":{"rendered":"","protected":false},"excerpt":{"rendered":"<p>Caracter\u00edsticas:<\/p>\n<ul>\n<li>Plug anal iniciador con joya rosada<\/li>\n<li>Fabricado en aluminio<\/li>\n<li>2,5 cm de grosor<\/li>\n<\/ul>\n","protected":false},"featured_media":3442,"comment_status":"closed","ping_status":"closed","template":"","meta":[],"product_brand":[],"product_cat":[28],"product_tag":[],"class_list":{"0":"post-3441","1":"product","2":"type-product","3":"status-publish","4":"has-post-thumbnail","6":"product_cat-anales","8":"first","9":"outofstock","10":"shipping-taxable","11":"purchasable","12":"product-type-simple"},"_links":{"self":[{"href":"https:\/\/tusecretoshop.com\/index.php\/wp-json\/wp\/v2\/product\/3441","targetHints":{"allow":["GET"]}}],"collection":[{"href":"https:\/\/tusecretoshop.com\/index.php\/wp-json\/wp\/v2\/product"}],"about":[{"href":"https:\/\/tusecretoshop.com\/index.php\/wp-json\/wp\/v2\/types\/product"}],"replies":[{"embeddable":true,"href":"https:\/\/tusecretoshop.com\/index.php\/wp-json\/wp\/v2\/comments?post=3441"}],"wp:featuredmedia":[{"embeddable":true,"href":"https:\/\/tusecretoshop.com\/index.php\/wp-json\/wp\/v2\/media\/3442"}],"wp:attachment":[{"href":"https:\/\/tusecretoshop.com\/index.php\/wp-json\/wp\/v2\/media?parent=3441"}],"wp:term":[{"taxonomy":"product_brand","embeddable":true,"href":"https:\/\/tusecretoshop.com\/index.php\/wp-json\/wp\/v2\/product_brand?post=3441"},{"taxonomy":"product_cat","embeddable":true,"href":"https:\/\/tusecretoshop.com\/index.php\/wp-json\/wp\/v2\/product_cat?post=3441"},{"taxonomy":"product_tag","embeddable":true,"href":"https:\/\/tusecretoshop.com\/index.php\/wp-json\/wp\/v2\/product_tag?post=3441"}],"curies":[{"name":"wp","href":"https:\/\/api.w.org\/{rel}","templated":true}]}}