{"id":771,"date":"2024-06-25T14:07:36","date_gmt":"2024-06-25T18:07:36","guid":{"rendered":"https:\/\/tusecretoshop.com\/?post_type=product&#038;p=771"},"modified":"2025-05-05T12:21:09","modified_gmt":"2025-05-05T16:21:09","slug":"splash-con-feromonas-all-night-long-108-ml","status":"publish","type":"product","link":"https:\/\/tusecretoshop.com\/index.php\/producto\/splash-con-feromonas-all-night-long-108-ml\/","title":{"rendered":"Splash con Feromonas All Night Long 108 ml"},"content":{"rendered":"","protected":false},"excerpt":{"rendered":"<p>Caracter\u00edsticas:<\/p>\n<ul>\n<li>Splash con feromonas<\/li>\n<li>Reacciona con pH de la piel<\/li>\n<li>Notas de salida: naranja, frambuesa y peon\u00eda. Notas de coraz\u00f3n: orqu\u00eddea tropical, lichi y rosa negra. Notas de fondo: Notas secas de \u00e1mbar dulce, caramelo, vainilla y \u00e1mbar amaderado.<\/li>\n<\/ul>\n","protected":false},"featured_media":773,"comment_status":"closed","ping_status":"closed","template":"","meta":[],"product_brand":[],"product_cat":[23],"product_tag":[],"class_list":{"0":"post-771","1":"product","2":"type-product","3":"status-publish","4":"has-post-thumbnail","6":"product_cat-feromonas","8":"first","9":"instock","10":"shipping-taxable","11":"purchasable","12":"product-type-simple"},"_links":{"self":[{"href":"https:\/\/tusecretoshop.com\/index.php\/wp-json\/wp\/v2\/product\/771","targetHints":{"allow":["GET"]}}],"collection":[{"href":"https:\/\/tusecretoshop.com\/index.php\/wp-json\/wp\/v2\/product"}],"about":[{"href":"https:\/\/tusecretoshop.com\/index.php\/wp-json\/wp\/v2\/types\/product"}],"replies":[{"embeddable":true,"href":"https:\/\/tusecretoshop.com\/index.php\/wp-json\/wp\/v2\/comments?post=771"}],"wp:featuredmedia":[{"embeddable":true,"href":"https:\/\/tusecretoshop.com\/index.php\/wp-json\/wp\/v2\/media\/773"}],"wp:attachment":[{"href":"https:\/\/tusecretoshop.com\/index.php\/wp-json\/wp\/v2\/media?parent=771"}],"wp:term":[{"taxonomy":"product_brand","embeddable":true,"href":"https:\/\/tusecretoshop.com\/index.php\/wp-json\/wp\/v2\/product_brand?post=771"},{"taxonomy":"product_cat","embeddable":true,"href":"https:\/\/tusecretoshop.com\/index.php\/wp-json\/wp\/v2\/product_cat?post=771"},{"taxonomy":"product_tag","embeddable":true,"href":"https:\/\/tusecretoshop.com\/index.php\/wp-json\/wp\/v2\/product_tag?post=771"}],"curies":[{"name":"wp","href":"https:\/\/api.w.org\/{rel}","templated":true}]}}