{"id":796,"date":"2024-06-25T15:32:35","date_gmt":"2024-06-25T19:32:35","guid":{"rendered":"https:\/\/tusecretoshop.com\/?post_type=product&#038;p=796"},"modified":"2026-02-16T15:37:03","modified_gmt":"2026-02-16T19:37:03","slug":"feromona-roll-on-head-over-heals-10-ml","status":"publish","type":"product","link":"https:\/\/tusecretoshop.com\/index.php\/producto\/feromona-roll-on-head-over-heals-10-ml\/","title":{"rendered":"Feromona Roll On Head Over Heels 10 ml"},"content":{"rendered":"","protected":false},"excerpt":{"rendered":"<p>Caracter\u00edsticas:<\/p>\n<ul>\n<li>Feromona roll on en aceite larga duraci\u00f3n<\/li>\n<li>Reacciona con pH de la piel<\/li>\n<li>Notas de salida: mandarina, lim\u00f3n, osmanthus dulce y mimosa. Notas de coraz\u00f3n: acorde de manzana y mel\u00f3n fresco. Notas de fondo: s\u00e1ndalo, pachul\u00ed y \u00e1mbar dulce<\/li>\n<\/ul>\n","protected":false},"featured_media":800,"comment_status":"closed","ping_status":"closed","template":"","meta":[],"product_brand":[],"product_cat":[23],"product_tag":[],"class_list":{"0":"post-796","1":"product","2":"type-product","3":"status-publish","4":"has-post-thumbnail","6":"product_cat-feromonas","8":"first","9":"outofstock","10":"shipping-taxable","11":"purchasable","12":"product-type-simple"},"_links":{"self":[{"href":"https:\/\/tusecretoshop.com\/index.php\/wp-json\/wp\/v2\/product\/796","targetHints":{"allow":["GET"]}}],"collection":[{"href":"https:\/\/tusecretoshop.com\/index.php\/wp-json\/wp\/v2\/product"}],"about":[{"href":"https:\/\/tusecretoshop.com\/index.php\/wp-json\/wp\/v2\/types\/product"}],"replies":[{"embeddable":true,"href":"https:\/\/tusecretoshop.com\/index.php\/wp-json\/wp\/v2\/comments?post=796"}],"wp:featuredmedia":[{"embeddable":true,"href":"https:\/\/tusecretoshop.com\/index.php\/wp-json\/wp\/v2\/media\/800"}],"wp:attachment":[{"href":"https:\/\/tusecretoshop.com\/index.php\/wp-json\/wp\/v2\/media?parent=796"}],"wp:term":[{"taxonomy":"product_brand","embeddable":true,"href":"https:\/\/tusecretoshop.com\/index.php\/wp-json\/wp\/v2\/product_brand?post=796"},{"taxonomy":"product_cat","embeddable":true,"href":"https:\/\/tusecretoshop.com\/index.php\/wp-json\/wp\/v2\/product_cat?post=796"},{"taxonomy":"product_tag","embeddable":true,"href":"https:\/\/tusecretoshop.com\/index.php\/wp-json\/wp\/v2\/product_tag?post=796"}],"curies":[{"name":"wp","href":"https:\/\/api.w.org\/{rel}","templated":true}]}}