{"id":802,"date":"2024-06-25T15:37:09","date_gmt":"2024-06-25T19:37:09","guid":{"rendered":"https:\/\/tusecretoshop.com\/?post_type=product&#038;p=802"},"modified":"2025-08-02T12:30:06","modified_gmt":"2025-08-02T16:30:06","slug":"feromona-roll-turn-off-the-lights-10-ml","status":"publish","type":"product","link":"https:\/\/tusecretoshop.com\/index.php\/producto\/feromona-roll-turn-off-the-lights-10-ml\/","title":{"rendered":"Feromona Roll Turn Off The Lights 10 ml"},"content":{"rendered":"","protected":false},"excerpt":{"rendered":"<p>Caracter\u00edsticas:<\/p>\n<ul>\n<li>Feromona roll on en aceite larga duraci\u00f3n<\/li>\n<li>Reacciona con pH de la piel<\/li>\n<li>Notas de salida: mandarina natural, bergamota fresca, mel\u00f3n y pi\u00f1a. Notas de coraz\u00f3n: coco tropical, fresa, gardenia, jazm\u00edn y acorde marino. Notas de fondo: almizcle, s\u00e1ndalo, pachul\u00ed, vainilla y tonka.<\/li>\n<li><\/li>\n<\/ul>\n","protected":false},"featured_media":797,"comment_status":"closed","ping_status":"closed","template":"","meta":[],"product_brand":[],"product_cat":[23],"product_tag":[],"class_list":{"0":"post-802","1":"product","2":"type-product","3":"status-publish","4":"has-post-thumbnail","6":"product_cat-feromonas","8":"first","9":"outofstock","10":"shipping-taxable","11":"purchasable","12":"product-type-simple"},"_links":{"self":[{"href":"https:\/\/tusecretoshop.com\/index.php\/wp-json\/wp\/v2\/product\/802","targetHints":{"allow":["GET"]}}],"collection":[{"href":"https:\/\/tusecretoshop.com\/index.php\/wp-json\/wp\/v2\/product"}],"about":[{"href":"https:\/\/tusecretoshop.com\/index.php\/wp-json\/wp\/v2\/types\/product"}],"replies":[{"embeddable":true,"href":"https:\/\/tusecretoshop.com\/index.php\/wp-json\/wp\/v2\/comments?post=802"}],"wp:featuredmedia":[{"embeddable":true,"href":"https:\/\/tusecretoshop.com\/index.php\/wp-json\/wp\/v2\/media\/797"}],"wp:attachment":[{"href":"https:\/\/tusecretoshop.com\/index.php\/wp-json\/wp\/v2\/media?parent=802"}],"wp:term":[{"taxonomy":"product_brand","embeddable":true,"href":"https:\/\/tusecretoshop.com\/index.php\/wp-json\/wp\/v2\/product_brand?post=802"},{"taxonomy":"product_cat","embeddable":true,"href":"https:\/\/tusecretoshop.com\/index.php\/wp-json\/wp\/v2\/product_cat?post=802"},{"taxonomy":"product_tag","embeddable":true,"href":"https:\/\/tusecretoshop.com\/index.php\/wp-json\/wp\/v2\/product_tag?post=802"}],"curies":[{"name":"wp","href":"https:\/\/api.w.org\/{rel}","templated":true}]}}