{"id":810,"date":"2024-06-25T16:30:56","date_gmt":"2024-06-25T20:30:56","guid":{"rendered":"https:\/\/tusecretoshop.com\/?post_type=product&#038;p=810"},"modified":"2025-09-22T15:23:13","modified_gmt":"2025-09-22T19:23:13","slug":"splash-con-feromonas-lazy-sunday-99-ml","status":"publish","type":"product","link":"https:\/\/tusecretoshop.com\/index.php\/producto\/splash-con-feromonas-lazy-sunday-99-ml\/","title":{"rendered":"Splash con Feromonas Lazy Sunday 99 ml"},"content":{"rendered":"","protected":false},"excerpt":{"rendered":"<p>Caracter\u00edsticas:<\/p>\n<ul>\n<li>Splash con feromonas<\/li>\n<li>Reacciona con pH de la piel<\/li>\n<li>Notas de salida: acorde c\u00edtrico, flor de azahar del naranjo, deliciosa pera William. Notas medias: acorde de nardo perlado, gardenia blanca, jazm\u00edn sambac. Notas de fondo: \u00e1mbar cristalino, madera de cedro rubia, benju\u00ed calentado<\/li>\n<\/ul>\n","protected":false},"featured_media":811,"comment_status":"closed","ping_status":"closed","template":"","meta":[],"product_brand":[],"product_cat":[23],"product_tag":[],"class_list":{"0":"post-810","1":"product","2":"type-product","3":"status-publish","4":"has-post-thumbnail","6":"product_cat-feromonas","8":"first","9":"outofstock","10":"shipping-taxable","11":"purchasable","12":"product-type-simple"},"_links":{"self":[{"href":"https:\/\/tusecretoshop.com\/index.php\/wp-json\/wp\/v2\/product\/810","targetHints":{"allow":["GET"]}}],"collection":[{"href":"https:\/\/tusecretoshop.com\/index.php\/wp-json\/wp\/v2\/product"}],"about":[{"href":"https:\/\/tusecretoshop.com\/index.php\/wp-json\/wp\/v2\/types\/product"}],"replies":[{"embeddable":true,"href":"https:\/\/tusecretoshop.com\/index.php\/wp-json\/wp\/v2\/comments?post=810"}],"wp:featuredmedia":[{"embeddable":true,"href":"https:\/\/tusecretoshop.com\/index.php\/wp-json\/wp\/v2\/media\/811"}],"wp:attachment":[{"href":"https:\/\/tusecretoshop.com\/index.php\/wp-json\/wp\/v2\/media?parent=810"}],"wp:term":[{"taxonomy":"product_brand","embeddable":true,"href":"https:\/\/tusecretoshop.com\/index.php\/wp-json\/wp\/v2\/product_brand?post=810"},{"taxonomy":"product_cat","embeddable":true,"href":"https:\/\/tusecretoshop.com\/index.php\/wp-json\/wp\/v2\/product_cat?post=810"},{"taxonomy":"product_tag","embeddable":true,"href":"https:\/\/tusecretoshop.com\/index.php\/wp-json\/wp\/v2\/product_tag?post=810"}],"curies":[{"name":"wp","href":"https:\/\/api.w.org\/{rel}","templated":true}]}}