{"id":814,"date":"2024-06-25T16:37:35","date_gmt":"2024-06-25T20:37:35","guid":{"rendered":"https:\/\/tusecretoshop.com\/?post_type=product&#038;p=814"},"modified":"2025-06-15T12:15:55","modified_gmt":"2025-06-15T16:15:55","slug":"splash-con-feromonas-love-off-all-me-99-ml","status":"publish","type":"product","link":"https:\/\/tusecretoshop.com\/index.php\/producto\/splash-con-feromonas-love-off-all-me-99-ml\/","title":{"rendered":"Splash con Feromonas Love All Of Me 99 ml"},"content":{"rendered":"","protected":false},"excerpt":{"rendered":"<p>Caracter\u00edsticas:<\/p>\n<ul>\n<li>Splash con feromonas<\/li>\n<li>Reacciona con pH de la piel<\/li>\n<li>Notas de salida: mandarina tropical fresca y mandarina. Notas medias: rosa de primavera, jazm\u00edn, gardenia, manzana dulce y pi\u00f1a jugosa. Notas de fondo: pachul\u00ed, vainilla c\u00e1lida, almizcle dulce, tonka y s\u00e1ndalo cremoso.<\/li>\n<\/ul>\n","protected":false},"featured_media":812,"comment_status":"closed","ping_status":"closed","template":"","meta":[],"product_brand":[],"product_cat":[23],"product_tag":[],"class_list":{"0":"post-814","1":"product","2":"type-product","3":"status-publish","4":"has-post-thumbnail","6":"product_cat-feromonas","8":"first","9":"outofstock","10":"shipping-taxable","11":"purchasable","12":"product-type-simple"},"_links":{"self":[{"href":"https:\/\/tusecretoshop.com\/index.php\/wp-json\/wp\/v2\/product\/814","targetHints":{"allow":["GET"]}}],"collection":[{"href":"https:\/\/tusecretoshop.com\/index.php\/wp-json\/wp\/v2\/product"}],"about":[{"href":"https:\/\/tusecretoshop.com\/index.php\/wp-json\/wp\/v2\/types\/product"}],"replies":[{"embeddable":true,"href":"https:\/\/tusecretoshop.com\/index.php\/wp-json\/wp\/v2\/comments?post=814"}],"wp:featuredmedia":[{"embeddable":true,"href":"https:\/\/tusecretoshop.com\/index.php\/wp-json\/wp\/v2\/media\/812"}],"wp:attachment":[{"href":"https:\/\/tusecretoshop.com\/index.php\/wp-json\/wp\/v2\/media?parent=814"}],"wp:term":[{"taxonomy":"product_brand","embeddable":true,"href":"https:\/\/tusecretoshop.com\/index.php\/wp-json\/wp\/v2\/product_brand?post=814"},{"taxonomy":"product_cat","embeddable":true,"href":"https:\/\/tusecretoshop.com\/index.php\/wp-json\/wp\/v2\/product_cat?post=814"},{"taxonomy":"product_tag","embeddable":true,"href":"https:\/\/tusecretoshop.com\/index.php\/wp-json\/wp\/v2\/product_tag?post=814"}],"curies":[{"name":"wp","href":"https:\/\/api.w.org\/{rel}","templated":true}]}}