{"id":815,"date":"2024-06-25T16:41:24","date_gmt":"2024-06-25T20:41:24","guid":{"rendered":"https:\/\/tusecretoshop.com\/?post_type=product&#038;p=815"},"modified":"2026-04-12T15:49:37","modified_gmt":"2026-04-12T19:49:37","slug":"splash-con-feromonas-yours-truly-99-ml","status":"publish","type":"product","link":"https:\/\/tusecretoshop.com\/index.php\/producto\/splash-con-feromonas-yours-truly-99-ml\/","title":{"rendered":"Splash con Feromonas Yours Truly 99 ml"},"content":{"rendered":"","protected":false},"excerpt":{"rendered":"<p>Caracter\u00edsticas:<\/p>\n<ul>\n<li>Splash con feromonas<\/li>\n<li>Reacciona con pH de la piel<\/li>\n<li>Notas de salida: lim\u00f3n fresco natural, bergamota dulce y mandarina. Notas medias: violeta natural, rosa, muguet, pimienta rosa, cardamomo, frambuesa jugosa, pera, manzana crujiente y sorbete de pi\u00f1a. Notas de fondo: \u00e1mbar dulce, s\u00e1ndalo, almizcle y s\u00e1ndalo natural.<\/li>\n<\/ul>\n","protected":false},"featured_media":813,"comment_status":"closed","ping_status":"closed","template":"","meta":[],"product_brand":[],"product_cat":[23],"product_tag":[],"class_list":{"0":"post-815","1":"product","2":"type-product","3":"status-publish","4":"has-post-thumbnail","6":"product_cat-feromonas","8":"first","9":"instock","10":"shipping-taxable","11":"purchasable","12":"product-type-simple"},"_links":{"self":[{"href":"https:\/\/tusecretoshop.com\/index.php\/wp-json\/wp\/v2\/product\/815","targetHints":{"allow":["GET"]}}],"collection":[{"href":"https:\/\/tusecretoshop.com\/index.php\/wp-json\/wp\/v2\/product"}],"about":[{"href":"https:\/\/tusecretoshop.com\/index.php\/wp-json\/wp\/v2\/types\/product"}],"replies":[{"embeddable":true,"href":"https:\/\/tusecretoshop.com\/index.php\/wp-json\/wp\/v2\/comments?post=815"}],"wp:featuredmedia":[{"embeddable":true,"href":"https:\/\/tusecretoshop.com\/index.php\/wp-json\/wp\/v2\/media\/813"}],"wp:attachment":[{"href":"https:\/\/tusecretoshop.com\/index.php\/wp-json\/wp\/v2\/media?parent=815"}],"wp:term":[{"taxonomy":"product_brand","embeddable":true,"href":"https:\/\/tusecretoshop.com\/index.php\/wp-json\/wp\/v2\/product_brand?post=815"},{"taxonomy":"product_cat","embeddable":true,"href":"https:\/\/tusecretoshop.com\/index.php\/wp-json\/wp\/v2\/product_cat?post=815"},{"taxonomy":"product_tag","embeddable":true,"href":"https:\/\/tusecretoshop.com\/index.php\/wp-json\/wp\/v2\/product_tag?post=815"}],"curies":[{"name":"wp","href":"https:\/\/api.w.org\/{rel}","templated":true}]}}